{"id":1668,"date":"2023-02-27T16:09:24","date_gmt":"2023-02-27T15:09:24","guid":{"rendered":"http:\/\/www.materielcouture.fr\/?page_id=1668"},"modified":"2023-02-27T17:12:11","modified_gmt":"2023-02-27T16:12:11","slug":"sierra","status":"publish","type":"page","link":"https:\/\/www.materielcouture.fr\/index.php\/sierra\/","title":{"rendered":"SIERRA"},"content":{"rendered":"\t\t<div data-elementor-type=\"wp-page\" data-elementor-id=\"1668\" class=\"elementor elementor-1668\">\n\t\t\t\t\t\t<section class=\"elementor-section elementor-top-section elementor-element elementor-element-24749e7 elementor-section-boxed elementor-section-height-default elementor-section-height-default\" data-id=\"24749e7\" data-element_type=\"section\" data-e-type=\"section\">\n\t\t\t\t\t\t<div class=\"elementor-container elementor-column-gap-default\">\n\t\t\t\t\t<div class=\"elementor-column elementor-col-50 elementor-top-column elementor-element elementor-element-873665d\" data-id=\"873665d\" data-element_type=\"column\" data-e-type=\"column\">\n\t\t\t<div class=\"elementor-widget-wrap elementor-element-populated\">\n\t\t\t\t\t\t<div class=\"elementor-element elementor-element-01c4741 elementor-widget elementor-widget-text-editor\" data-id=\"01c4741\" data-element_type=\"widget\" data-e-type=\"widget\" data-widget_type=\"text-editor.default\">\n\t\t\t\t<div class=\"elementor-widget-container\">\n\t\t\t\t\t\t\t\t\t<p>Editeur r\u00e9put\u00e9 de longue date en France et \u00e0 l&#8217;international<\/p><p>Gamme Pro sur <b>mesure et \u00e9volutive\u00a0<\/b><\/p><p>Possibilit\u00e9 d&#8217;acc\u00e8s par abonnement ou licence<\/p><p>Soutien d&#8217;utilisation en ligne<\/p><p>Gamme de prix<\/p>\t\t\t\t\t\t\t\t<\/div>\n\t\t\t\t<\/div>\n\t\t\t\t\t<\/div>\n\t\t<\/div>\n\t\t\t\t<div class=\"elementor-column elementor-col-50 elementor-top-column elementor-element elementor-element-6da60da\" data-id=\"6da60da\" data-element_type=\"column\" data-e-type=\"column\">\n\t\t\t<div class=\"elementor-widget-wrap elementor-element-populated\">\n\t\t\t\t\t\t<div class=\"elementor-element elementor-element-314c280 elementor-widget elementor-widget-image\" data-id=\"314c280\" data-element_type=\"widget\" data-e-type=\"widget\" data-widget_type=\"image.default\">\n\t\t\t\t<div class=\"elementor-widget-container\">\n\t\t\t\t\t\t\t\t\t\t\t\t\t\t\t<img fetchpriority=\"high\" decoding=\"async\" width=\"900\" height=\"593\" src=\"https:\/\/www.materielcouture.fr\/wp-content\/uploads\/2023\/02\/eo1.png\" class=\"attachment-large size-large wp-image-1700\" alt=\"\" srcset=\"https:\/\/www.materielcouture.fr\/wp-content\/uploads\/2023\/02\/eo1.png 900w, https:\/\/www.materielcouture.fr\/wp-content\/uploads\/2023\/02\/eo1-300x198.png 300w, https:\/\/www.materielcouture.fr\/wp-content\/uploads\/2023\/02\/eo1-768x506.png 768w\" sizes=\"100vw\" \/>\t\t\t\t\t\t\t\t\t\t\t\t\t\t\t<\/div>\n\t\t\t\t<\/div>\n\t\t\t\t\t<\/div>\n\t\t<\/div>\n\t\t\t\t\t<\/div>\n\t\t<\/section>\n\t\t\t\t<section class=\"elementor-section elementor-top-section elementor-element elementor-element-f8afbde elementor-section-boxed elementor-section-height-default elementor-section-height-default\" data-id=\"f8afbde\" data-element_type=\"section\" data-e-type=\"section\">\n\t\t\t\t\t\t<div class=\"elementor-container elementor-column-gap-default\">\n\t\t\t\t\t<div class=\"elementor-column elementor-col-100 elementor-top-column elementor-element elementor-element-eb3637c\" data-id=\"eb3637c\" data-element_type=\"column\" data-e-type=\"column\">\n\t\t\t<div class=\"elementor-widget-wrap elementor-element-populated\">\n\t\t\t\t\t\t<div class=\"elementor-element elementor-element-d634dec elementor-widget elementor-widget-wpzoom-elementor-addons-image-box\" data-id=\"d634dec\" data-element_type=\"widget\" data-e-type=\"widget\" data-widget_type=\"wpzoom-elementor-addons-image-box.default\">\n\t\t\t\t<div class=\"elementor-widget-container\">\n\t\t\t\t\t\t\t<div class=\"wpzoom-elementor-addons-image-box\">\n\t\t\t<h3>\n\t\t\t\t<a href=\"https:\/\/www.sierra-software.com\/\" class=\"wpzoom-elementor-addons-image-box-link is-linked has-image\" style=\"background-image:url('https:\/\/www.materielcouture.fr\/wp-content\/uploads\/2023\/02\/home-eo.png');\"><span><\/span><\/a>\t\t\t<\/h3>\n\t\t<\/div><!-- \/\/.wpzoom-elementor-addons-image-box -->\n\t\t\t\t\t\t<\/div>\n\t\t\t\t<\/div>\n\t\t\t\t\t<\/div>\n\t\t<\/div>\n\t\t\t\t\t<\/div>\n\t\t<\/section>\n\t\t\t\t<\/div>\n\t\t","protected":false},"excerpt":{"rendered":"<p>Editeur r\u00e9put\u00e9 de longue date en France et \u00e0 l&#8217;international Gamme Pro sur mesure et \u00e9volutive\u00a0 Possibilit\u00e9 d&#8217;acc\u00e8s par abonnement ou licence Soutien d&#8217;utilisation en ligne Gamme de prix<\/p>\n","protected":false},"author":1,"featured_media":0,"parent":0,"menu_order":0,"comment_status":"closed","ping_status":"closed","template":"","meta":{"footnotes":""},"class_list":["post-1668","page","type-page","status-publish","hentry"],"yoast_head":"<!-- This site is optimized with the Yoast SEO plugin v27.5 - https:\/\/yoast.com\/product\/yoast-seo-wordpress\/ -->\n<title>SIERRA - Mat\u00e9riel Couture<\/title>\n<meta name=\"robots\" content=\"index, follow, max-snippet:-1, max-image-preview:large, max-video-preview:-1\" \/>\n<link rel=\"canonical\" href=\"http:\/\/www.materielcouture.fr\/index.php\/sierra\/\" \/>\n<meta property=\"og:locale\" content=\"en_US\" \/>\n<meta property=\"og:type\" content=\"article\" \/>\n<meta property=\"og:title\" content=\"SIERRA - Mat\u00e9riel Couture\" \/>\n<meta property=\"og:description\" content=\"Editeur r\u00e9put\u00e9 de longue date en France et \u00e0 l&#8217;international Gamme Pro sur mesure et \u00e9volutive\u00a0 Possibilit\u00e9 d&#8217;acc\u00e8s par abonnement ou licence Soutien d&#8217;utilisation en ligne Gamme de prix\" \/>\n<meta property=\"og:url\" content=\"http:\/\/www.materielcouture.fr\/index.php\/sierra\/\" \/>\n<meta property=\"og:site_name\" content=\"Mat\u00e9riel Couture\" \/>\n<meta property=\"article:modified_time\" content=\"2023-02-27T16:12:11+00:00\" \/>\n<meta property=\"og:image\" content=\"http:\/\/www.materielcouture.fr\/wp-content\/uploads\/2023\/02\/eo1.png\" \/>\n<meta name=\"twitter:card\" content=\"summary_large_image\" \/>\n<script type=\"application\/ld+json\" class=\"yoast-schema-graph\">{\"@context\":\"https:\\\/\\\/schema.org\",\"@graph\":[{\"@type\":\"WebPage\",\"@id\":\"http:\\\/\\\/www.materielcouture.fr\\\/index.php\\\/sierra\\\/\",\"url\":\"http:\\\/\\\/www.materielcouture.fr\\\/index.php\\\/sierra\\\/\",\"name\":\"SIERRA - Mat\u00e9riel Couture\",\"isPartOf\":{\"@id\":\"http:\\\/\\\/www.materielcouture.fr\\\/#website\"},\"primaryImageOfPage\":{\"@id\":\"http:\\\/\\\/www.materielcouture.fr\\\/index.php\\\/sierra\\\/#primaryimage\"},\"image\":{\"@id\":\"http:\\\/\\\/www.materielcouture.fr\\\/index.php\\\/sierra\\\/#primaryimage\"},\"thumbnailUrl\":\"http:\\\/\\\/www.materielcouture.fr\\\/wp-content\\\/uploads\\\/2023\\\/02\\\/eo1.png\",\"datePublished\":\"2023-02-27T15:09:24+00:00\",\"dateModified\":\"2023-02-27T16:12:11+00:00\",\"breadcrumb\":{\"@id\":\"http:\\\/\\\/www.materielcouture.fr\\\/index.php\\\/sierra\\\/#breadcrumb\"},\"inLanguage\":\"en-US\",\"potentialAction\":[{\"@type\":\"ReadAction\",\"target\":[\"http:\\\/\\\/www.materielcouture.fr\\\/index.php\\\/sierra\\\/\"]}]},{\"@type\":\"ImageObject\",\"inLanguage\":\"en-US\",\"@id\":\"http:\\\/\\\/www.materielcouture.fr\\\/index.php\\\/sierra\\\/#primaryimage\",\"url\":\"https:\\\/\\\/www.materielcouture.fr\\\/wp-content\\\/uploads\\\/2023\\\/02\\\/eo1.png\",\"contentUrl\":\"https:\\\/\\\/www.materielcouture.fr\\\/wp-content\\\/uploads\\\/2023\\\/02\\\/eo1.png\",\"width\":900,\"height\":593},{\"@type\":\"BreadcrumbList\",\"@id\":\"http:\\\/\\\/www.materielcouture.fr\\\/index.php\\\/sierra\\\/#breadcrumb\",\"itemListElement\":[{\"@type\":\"ListItem\",\"position\":1,\"name\":\"Accueil\",\"item\":\"http:\\\/\\\/www.materielcouture.fr\\\/\"},{\"@type\":\"ListItem\",\"position\":2,\"name\":\"SIERRA\"}]},{\"@type\":\"WebSite\",\"@id\":\"http:\\\/\\\/www.materielcouture.fr\\\/#website\",\"url\":\"http:\\\/\\\/www.materielcouture.fr\\\/\",\"name\":\"Mat\u00e9riel Couture\",\"description\":\"Au service du brodeur\",\"publisher\":{\"@id\":\"http:\\\/\\\/www.materielcouture.fr\\\/#organization\"},\"potentialAction\":[{\"@type\":\"SearchAction\",\"target\":{\"@type\":\"EntryPoint\",\"urlTemplate\":\"http:\\\/\\\/www.materielcouture.fr\\\/?s={search_term_string}\"},\"query-input\":{\"@type\":\"PropertyValueSpecification\",\"valueRequired\":true,\"valueName\":\"search_term_string\"}}],\"inLanguage\":\"en-US\"},{\"@type\":\"Organization\",\"@id\":\"http:\\\/\\\/www.materielcouture.fr\\\/#organization\",\"name\":\"Mat\u00e9riel Couture\",\"url\":\"http:\\\/\\\/www.materielcouture.fr\\\/\",\"logo\":{\"@type\":\"ImageObject\",\"inLanguage\":\"en-US\",\"@id\":\"http:\\\/\\\/www.materielcouture.fr\\\/#\\\/schema\\\/logo\\\/image\\\/\",\"url\":\"https:\\\/\\\/www.materielcouture.fr\\\/wp-content\\\/uploads\\\/2022\\\/04\\\/logo-3.png\",\"contentUrl\":\"https:\\\/\\\/www.materielcouture.fr\\\/wp-content\\\/uploads\\\/2022\\\/04\\\/logo-3.png\",\"width\":651,\"height\":240,\"caption\":\"Mat\u00e9riel Couture\"},\"image\":{\"@id\":\"http:\\\/\\\/www.materielcouture.fr\\\/#\\\/schema\\\/logo\\\/image\\\/\"},\"sameAs\":[\"https:\\\/\\\/www.linkedin.com\\\/company\\\/matriel-couture\\\/?viewAsMember=true\",\"https:\\\/\\\/www.youtube.com\\\/channel\\\/UCBLtKuvJZ1CZzu0Wub4JM7w\",\"https:\\\/\\\/www.instagram.com\\\/sinsimfrance\\\/\"]}]}<\/script>\n<!-- \/ Yoast SEO plugin. -->","yoast_head_json":{"title":"SIERRA - Mat\u00e9riel Couture","robots":{"index":"index","follow":"follow","max-snippet":"max-snippet:-1","max-image-preview":"max-image-preview:large","max-video-preview":"max-video-preview:-1"},"canonical":"http:\/\/www.materielcouture.fr\/index.php\/sierra\/","og_locale":"en_US","og_type":"article","og_title":"SIERRA - Mat\u00e9riel Couture","og_description":"Editeur r\u00e9put\u00e9 de longue date en France et \u00e0 l&#8217;international Gamme Pro sur mesure et \u00e9volutive\u00a0 Possibilit\u00e9 d&#8217;acc\u00e8s par abonnement ou licence Soutien d&#8217;utilisation en ligne Gamme de prix","og_url":"http:\/\/www.materielcouture.fr\/index.php\/sierra\/","og_site_name":"Mat\u00e9riel Couture","article_modified_time":"2023-02-27T16:12:11+00:00","og_image":[{"url":"http:\/\/www.materielcouture.fr\/wp-content\/uploads\/2023\/02\/eo1.png","type":"","width":"","height":""}],"twitter_card":"summary_large_image","schema":{"@context":"https:\/\/schema.org","@graph":[{"@type":"WebPage","@id":"http:\/\/www.materielcouture.fr\/index.php\/sierra\/","url":"http:\/\/www.materielcouture.fr\/index.php\/sierra\/","name":"SIERRA - Mat\u00e9riel Couture","isPartOf":{"@id":"http:\/\/www.materielcouture.fr\/#website"},"primaryImageOfPage":{"@id":"http:\/\/www.materielcouture.fr\/index.php\/sierra\/#primaryimage"},"image":{"@id":"http:\/\/www.materielcouture.fr\/index.php\/sierra\/#primaryimage"},"thumbnailUrl":"http:\/\/www.materielcouture.fr\/wp-content\/uploads\/2023\/02\/eo1.png","datePublished":"2023-02-27T15:09:24+00:00","dateModified":"2023-02-27T16:12:11+00:00","breadcrumb":{"@id":"http:\/\/www.materielcouture.fr\/index.php\/sierra\/#breadcrumb"},"inLanguage":"en-US","potentialAction":[{"@type":"ReadAction","target":["http:\/\/www.materielcouture.fr\/index.php\/sierra\/"]}]},{"@type":"ImageObject","inLanguage":"en-US","@id":"http:\/\/www.materielcouture.fr\/index.php\/sierra\/#primaryimage","url":"https:\/\/www.materielcouture.fr\/wp-content\/uploads\/2023\/02\/eo1.png","contentUrl":"https:\/\/www.materielcouture.fr\/wp-content\/uploads\/2023\/02\/eo1.png","width":900,"height":593},{"@type":"BreadcrumbList","@id":"http:\/\/www.materielcouture.fr\/index.php\/sierra\/#breadcrumb","itemListElement":[{"@type":"ListItem","position":1,"name":"Accueil","item":"http:\/\/www.materielcouture.fr\/"},{"@type":"ListItem","position":2,"name":"SIERRA"}]},{"@type":"WebSite","@id":"http:\/\/www.materielcouture.fr\/#website","url":"http:\/\/www.materielcouture.fr\/","name":"Mat\u00e9riel Couture","description":"Au service du brodeur","publisher":{"@id":"http:\/\/www.materielcouture.fr\/#organization"},"potentialAction":[{"@type":"SearchAction","target":{"@type":"EntryPoint","urlTemplate":"http:\/\/www.materielcouture.fr\/?s={search_term_string}"},"query-input":{"@type":"PropertyValueSpecification","valueRequired":true,"valueName":"search_term_string"}}],"inLanguage":"en-US"},{"@type":"Organization","@id":"http:\/\/www.materielcouture.fr\/#organization","name":"Mat\u00e9riel Couture","url":"http:\/\/www.materielcouture.fr\/","logo":{"@type":"ImageObject","inLanguage":"en-US","@id":"http:\/\/www.materielcouture.fr\/#\/schema\/logo\/image\/","url":"https:\/\/www.materielcouture.fr\/wp-content\/uploads\/2022\/04\/logo-3.png","contentUrl":"https:\/\/www.materielcouture.fr\/wp-content\/uploads\/2022\/04\/logo-3.png","width":651,"height":240,"caption":"Mat\u00e9riel Couture"},"image":{"@id":"http:\/\/www.materielcouture.fr\/#\/schema\/logo\/image\/"},"sameAs":["https:\/\/www.linkedin.com\/company\/matriel-couture\/?viewAsMember=true","https:\/\/www.youtube.com\/channel\/UCBLtKuvJZ1CZzu0Wub4JM7w","https:\/\/www.instagram.com\/sinsimfrance\/"]}]}},"_links":{"self":[{"href":"https:\/\/www.materielcouture.fr\/index.php\/wp-json\/wp\/v2\/pages\/1668","targetHints":{"allow":["GET"]}}],"collection":[{"href":"https:\/\/www.materielcouture.fr\/index.php\/wp-json\/wp\/v2\/pages"}],"about":[{"href":"https:\/\/www.materielcouture.fr\/index.php\/wp-json\/wp\/v2\/types\/page"}],"author":[{"embeddable":true,"href":"https:\/\/www.materielcouture.fr\/index.php\/wp-json\/wp\/v2\/users\/1"}],"replies":[{"embeddable":true,"href":"https:\/\/www.materielcouture.fr\/index.php\/wp-json\/wp\/v2\/comments?post=1668"}],"version-history":[{"count":13,"href":"https:\/\/www.materielcouture.fr\/index.php\/wp-json\/wp\/v2\/pages\/1668\/revisions"}],"predecessor-version":[{"id":1712,"href":"https:\/\/www.materielcouture.fr\/index.php\/wp-json\/wp\/v2\/pages\/1668\/revisions\/1712"}],"wp:attachment":[{"href":"https:\/\/www.materielcouture.fr\/index.php\/wp-json\/wp\/v2\/media?parent=1668"}],"curies":[{"name":"wp","href":"https:\/\/api.w.org\/{rel}","templated":true}]}}